{"id":3528,"date":"2023-11-30T06:45:59","date_gmt":"2023-11-30T06:45:59","guid":{"rendered":"https:\/\/reworq.eu\/?page_id=3528"},"modified":"2023-12-10T09:16:47","modified_gmt":"2023-12-10T09:16:47","slug":"seo","status":"publish","type":"page","link":"https:\/\/reworq.eu\/en\/seo\/","title":{"rendered":"SEO"},"content":{"rendered":"\t\t<div data-elementor-type=\"wp-page\" data-elementor-id=\"3528\" class=\"elementor elementor-3528\" data-elementor-post-type=\"page\">\n\t\t\t\t\t\t<section class=\"elementor-section elementor-top-section elementor-element elementor-element-37a9f29 elementor-section-boxed elementor-section-height-default elementor-section-height-default\" data-id=\"37a9f29\" data-element_type=\"section\" data-e-type=\"section\">\n\t\t\t\t\t\t<div class=\"elementor-container elementor-column-gap-default\">\n\t\t\t\t\t<div class=\"elementor-column elementor-col-50 elementor-top-column elementor-element elementor-element-037231e\" data-id=\"037231e\" data-element_type=\"column\" data-e-type=\"column\">\n\t\t\t<div class=\"elementor-widget-wrap elementor-element-populated\">\n\t\t\t\t\t\t<div class=\"elementor-element elementor-element-dcd6ae8 elementor-widget elementor-widget-image\" data-id=\"dcd6ae8\" data-element_type=\"widget\" data-e-type=\"widget\" data-widget_type=\"image.default\">\n\t\t\t\t<div class=\"elementor-widget-container\">\n\t\t\t\t\t\t\t\t\t\t\t\t\t\t\t<img decoding=\"async\" src=\"https:\/\/reworq.eu\/wp-content\/uploads\/2023\/01\/5107070-400x400.webp\" title=\"5107070\" alt=\"5107070\" loading=\"lazy\" \/>\t\t\t\t\t\t\t\t\t\t\t\t\t\t\t<\/div>\n\t\t\t\t<\/div>\n\t\t\t\t\t<\/div>\n\t\t<\/div>\n\t\t\t\t<div class=\"elementor-column elementor-col-50 elementor-top-column elementor-element elementor-element-bab234c\" data-id=\"bab234c\" data-element_type=\"column\" data-e-type=\"column\">\n\t\t\t<div class=\"elementor-widget-wrap elementor-element-populated\">\n\t\t\t\t\t\t<div class=\"elementor-element elementor-element-c083ed4 elementor-widget elementor-widget-heading\" data-id=\"c083ed4\" data-element_type=\"widget\" data-e-type=\"widget\" data-widget_type=\"heading.default\">\n\t\t\t\t<div class=\"elementor-widget-container\">\n\t\t\t\t\t<h1 class=\"elementor-heading-title elementor-size-default\">Online advertising and advertising space leasing<\/h1>\t\t\t\t<\/div>\n\t\t\t\t<\/div>\n\t\t\t\t\t<\/div>\n\t\t<\/div>\n\t\t\t\t\t<\/div>\n\t\t<\/section>\n\t\t\t\t<section class=\"elementor-section elementor-top-section elementor-element elementor-element-bf14f1b elementor-section-boxed elementor-section-height-default elementor-section-height-default\" data-id=\"bf14f1b\" data-element_type=\"section\" data-e-type=\"section\">\n\t\t\t\t\t\t<div class=\"elementor-container elementor-column-gap-default\">\n\t\t\t\t\t<div class=\"elementor-column elementor-col-100 elementor-top-column elementor-element elementor-element-d87fc2f\" data-id=\"d87fc2f\" data-element_type=\"column\" data-e-type=\"column\">\n\t\t\t<div class=\"elementor-widget-wrap elementor-element-populated\">\n\t\t\t\t\t\t<div class=\"elementor-element elementor-element-152c2c8 elementor-widget elementor-widget-text-editor\" data-id=\"152c2c8\" data-element_type=\"widget\" data-e-type=\"widget\" data-widget_type=\"text-editor.default\">\n\t\t\t\t<div class=\"elementor-widget-container\">\n\t\t\t\t\t\t\t\t\t<h2 style=\"font-size: 32px;\">What is online advertising?<\/h2>\t\t\t\t\t\t\t\t<\/div>\n\t\t\t\t<\/div>\n\t\t\t\t<div class=\"elementor-element elementor-element-4e68c10 elementor-widget elementor-widget-text-editor\" data-id=\"4e68c10\" data-element_type=\"widget\" data-e-type=\"widget\" data-widget_type=\"text-editor.default\">\n\t\t\t\t<div class=\"elementor-widget-container\">\n\t\t\t\t\t\t\t\t\t<p>Online advertising, or digital advertising, is a form of advertising that takes place online. It is the use of online platforms such as websites, social networks, apps and other tools to promote products, services or brands. Online advertising includes various forms such as online adverts, paid search, social media advertising, email marketing and more. The aim of online advertising is to achieve greater visibility and to convert the target audience into customers.<\/p>\t\t\t\t\t\t\t\t<\/div>\n\t\t\t\t<\/div>\n\t\t\t\t<div class=\"elementor-element elementor-element-2dea06e elementor-widget elementor-widget-text-editor\" data-id=\"2dea06e\" data-element_type=\"widget\" data-e-type=\"widget\" data-widget_type=\"text-editor.default\">\n\t\t\t\t<div class=\"elementor-widget-container\">\n\t\t\t\t\t\t\t\t\t<p>Online advertising helps you reach a large number of people online and can reach your target audience. With our advertising services on Facebook, Google and other platforms, we can help you achieve your goals and raise your company&#8217;s profile.<\/p><p>Our online advertising service provides targeted advertising that allows your adverts to appear only to those who are most likely to be interested in your offer. By using the right target audience, keywords and locations, we can ensure that you get the best results with the lowest advertising costs.<\/p><p>With our Facebook advertising services, you can reach your target audience and show them your offer. Our services include targeted advertising, ad creation, interest, location, age and gender targeting, as well as advertising performance analysis and reporting.<\/p><p>Our Google advertising service allows your ads to appear at the top of search results when users search for products or services you offer. Our services include search advertising, display advertising and video advertising, which we tailor to your business objectives.<\/p><p>With our online advertising services, you can effectively achieve your goals and increase the visibility of your business. Contact us for more information and we will be happy to help you achieve your online advertising goals.<\/p><p>Na\u0161a storitev spletnega ogla\u0161evanja zagotavlja ciljno usmerjeno ogla\u0161evanje, ki omogo\u010da, da se va\u0161i oglasi prika\u017eejo samo tistim, ki so najverjetneje zainteresirani za va\u0161o ponudbo. Z uporabo ustrezne ciljne publike, klju\u010dnih besed in lokacij lahko zagotovimo, da boste dosegli najbolj\u0161e rezultate z najmanj\u0161imi stro\u0161ki ogla\u0161evanja.<\/p><p>Z na\u0161imi storitvami ogla\u0161evanja na Facebooku lahko dose\u017eete svojo ciljno publiko in jim prika\u017eete va\u0161o ponudbo. Na\u0161e storitve vklju\u010dujejo ciljno usmerjeno ogla\u0161evanje, ustvarjanje oglasa, ciljno usmerjenost glede na zanimanje, lokacijo, starost in spol ter analizo in poro\u010danje o u\u010dinkovitosti ogla\u0161evanja.<\/p><p>Na\u0161a storitev Google ogla\u0161evanja vam omogo\u010da, da se va\u0161i oglasi prika\u017eejo na vrhu iskalnih rezultatov, ko uporabniki i\u0161\u010dejo izdelke ali storitve, ki jih ponujate. Na\u0161e storitve vklju\u010dujejo iskalno ogla\u0161evanje, prikazno ogla\u0161evanje in video ogla\u0161evanje, ki jih prilagodimo va\u0161im poslovnim ciljem.<\/p><p>Z na\u0161imi storitvami spletnega ogla\u0161evanja lahko u\u010dinkovito dose\u017eete svoje cilje in pove\u010date prepoznavnost va\u0161ega podjetja. Za ve\u010d informacij se obrnite na nas in z veseljem vam bomo pomagali dose\u010di va\u0161e cilje spletnega ogla\u0161evanja.<\/p>\t\t\t\t\t\t\t\t<\/div>\n\t\t\t\t<\/div>\n\t\t\t\t\t<\/div>\n\t\t<\/div>\n\t\t\t\t\t<\/div>\n\t\t<\/section>\n\t\t\t\t<section class=\"elementor-section elementor-top-section elementor-element elementor-element-6fed49e elementor-section-stretched elementor-section-boxed elementor-section-height-default elementor-section-height-default\" data-id=\"6fed49e\" data-element_type=\"section\" data-e-type=\"section\" data-settings=\"{&quot;stretch_section&quot;:&quot;section-stretched&quot;,&quot;background_background&quot;:&quot;gradient&quot;}\">\n\t\t\t\t\t\t<div class=\"elementor-container elementor-column-gap-default\">\n\t\t\t\t\t<div class=\"elementor-column elementor-col-100 elementor-top-column elementor-element elementor-element-e5876b8\" data-id=\"e5876b8\" data-element_type=\"column\" data-e-type=\"column\">\n\t\t\t<div class=\"elementor-widget-wrap elementor-element-populated\">\n\t\t\t\t\t\t<div class=\"elementor-element elementor-element-a261867 elementor-widget elementor-widget-heading\" data-id=\"a261867\" data-element_type=\"widget\" data-e-type=\"widget\" data-widget_type=\"heading.default\">\n\t\t\t\t<div class=\"elementor-widget-container\">\n\t\t\t\t\t<h2 class=\"elementor-heading-title elementor-size-default\">Kontaktirajte nas!<\/h2>\t\t\t\t<\/div>\n\t\t\t\t<\/div>\n\t\t\t\t<div class=\"elementor-element elementor-element-164d5aa elementor-widget elementor-widget-text-editor\" data-id=\"164d5aa\" data-element_type=\"widget\" data-e-type=\"widget\" data-widget_type=\"text-editor.default\">\n\t\t\t\t<div class=\"elementor-widget-container\">\n\t\t\t\t\t\t\t\t\t<p>Tukaj smo, da vam pomagamo \ud83d\udc4b\ud83d\ude01<\/p>\t\t\t\t\t\t\t\t<\/div>\n\t\t\t\t<\/div>\n\t\t\t\t<section class=\"elementor-section elementor-inner-section elementor-element elementor-element-602069a elementor-section-boxed elementor-section-height-default elementor-section-height-default\" data-id=\"602069a\" data-element_type=\"section\" data-e-type=\"section\">\n\t\t\t\t\t\t<div class=\"elementor-container elementor-column-gap-default\">\n\t\t\t\t\t<div class=\"elementor-column elementor-col-50 elementor-inner-column elementor-element elementor-element-b725378\" data-id=\"b725378\" data-element_type=\"column\" data-e-type=\"column\" data-settings=\"{&quot;background_background&quot;:&quot;classic&quot;}\">\n\t\t\t<div class=\"elementor-widget-wrap elementor-element-populated\">\n\t\t\t\t\t\t<div class=\"elementor-element elementor-element-b7a8a2c elementor-widget elementor-widget-heading\" data-id=\"b7a8a2c\" data-element_type=\"widget\" data-e-type=\"widget\" data-widget_type=\"heading.default\">\n\t\t\t\t<div class=\"elementor-widget-container\">\n\t\t\t\t\t<h3 class=\"elementor-heading-title elementor-size-default\">Kontaktni obrazec<\/h3>\t\t\t\t<\/div>\n\t\t\t\t<\/div>\n\t\t\t\t\t<\/div>\n\t\t<\/div>\n\t\t\t\t<div class=\"elementor-column elementor-col-50 elementor-inner-column elementor-element elementor-element-47ba484\" data-id=\"47ba484\" data-element_type=\"column\" data-e-type=\"column\">\n\t\t\t<div class=\"elementor-widget-wrap elementor-element-populated\">\n\t\t\t\t\t\t<div class=\"elementor-element elementor-element-019ea12 elementor-position-inline-start elementor-view-default elementor-mobile-position-block-start elementor-widget elementor-widget-icon-box\" data-id=\"019ea12\" data-element_type=\"widget\" data-e-type=\"widget\" data-widget_type=\"icon-box.default\">\n\t\t\t\t<div class=\"elementor-widget-container\">\n\t\t\t\t\t\t\t<div class=\"elementor-icon-box-wrapper\">\n\n\t\t\t\t\t\t<div class=\"elementor-icon-box-icon\">\n\t\t\t\t<span  class=\"elementor-icon\">\n\t\t\t\t<i aria-hidden=\"true\" class=\"fas fa-phone-alt\"><\/i>\t\t\t\t<\/span>\n\t\t\t<\/div>\n\t\t\t\n\t\t\t\t\t\t<div class=\"elementor-icon-box-content\">\n\n\t\t\t\t\t\t\t\t\t<h3 class=\"elementor-icon-box-title\">\n\t\t\t\t\t\t<span  >\n\t\t\t\t\t\t\t040 319 170\t\t\t\t\t\t<\/span>\n\t\t\t\t\t<\/h3>\n\t\t\t\t\n\t\t\t\t\n\t\t\t<\/div>\n\t\t\t\n\t\t<\/div>\n\t\t\t\t\t\t<\/div>\n\t\t\t\t<\/div>\n\t\t\t\t<div class=\"elementor-element elementor-element-42b83a0 elementor-position-inline-start elementor-view-default elementor-mobile-position-block-start elementor-widget elementor-widget-icon-box\" data-id=\"42b83a0\" data-element_type=\"widget\" data-e-type=\"widget\" data-widget_type=\"icon-box.default\">\n\t\t\t\t<div class=\"elementor-widget-container\">\n\t\t\t\t\t\t\t<div class=\"elementor-icon-box-wrapper\">\n\n\t\t\t\t\t\t<div class=\"elementor-icon-box-icon\">\n\t\t\t\t<span  class=\"elementor-icon\">\n\t\t\t\t<i aria-hidden=\"true\" class=\"fas fa-map-pin\"><\/i>\t\t\t\t<\/span>\n\t\t\t<\/div>\n\t\t\t\n\t\t\t\t\t\t<div class=\"elementor-icon-box-content\">\n\n\t\t\t\t\t\t\t\t\t<h3 class=\"elementor-icon-box-title\">\n\t\t\t\t\t\t<span  >\n\t\t\t\t\t\t\tCvetkov trg 1., <br> 2250 Ptuj, Slovenija\t\t\t\t\t\t<\/span>\n\t\t\t\t\t<\/h3>\n\t\t\t\t\n\t\t\t\t\n\t\t\t<\/div>\n\t\t\t\n\t\t<\/div>\n\t\t\t\t\t\t<\/div>\n\t\t\t\t<\/div>\n\t\t\t\t<div class=\"elementor-element elementor-element-dbece53 elementor-position-inline-start elementor-view-default elementor-mobile-position-block-start elementor-widget elementor-widget-icon-box\" data-id=\"dbece53\" data-element_type=\"widget\" data-e-type=\"widget\" data-widget_type=\"icon-box.default\">\n\t\t\t\t<div class=\"elementor-widget-container\">\n\t\t\t\t\t\t\t<div class=\"elementor-icon-box-wrapper\">\n\n\t\t\t\t\t\t<div class=\"elementor-icon-box-icon\">\n\t\t\t\t<span  class=\"elementor-icon\">\n\t\t\t\t<i aria-hidden=\"true\" class=\"far fa-envelope\"><\/i>\t\t\t\t<\/span>\n\t\t\t<\/div>\n\t\t\t\n\t\t\t\t\t\t<div class=\"elementor-icon-box-content\">\n\n\t\t\t\t\t\t\t\t\t<h3 class=\"elementor-icon-box-title\">\n\t\t\t\t\t\t<span  >\n\t\t\t\t\t\t\tinfo@reworq.eu\t\t\t\t\t\t<\/span>\n\t\t\t\t\t<\/h3>\n\t\t\t\t\n\t\t\t\t\n\t\t\t<\/div>\n\t\t\t\n\t\t<\/div>\n\t\t\t\t\t\t<\/div>\n\t\t\t\t<\/div>\n\t\t\t\t\t<\/div>\n\t\t<\/div>\n\t\t\t\t\t<\/div>\n\t\t<\/section>\n\t\t\t\t\t<\/div>\n\t\t<\/div>\n\t\t\t\t\t<\/div>\n\t\t<\/section>\n\t\t\t\t<\/div>\n\t\t","protected":false},"excerpt":{"rendered":"<p>Online advertising and advertising space leasing What is online advertising? Online advertising, or digital advertising, is a form of advertising that takes place online. It is the use of online platforms such as websites, social networks, apps and other tools to promote products, services or brands. Online advertising includes various forms such as online adverts, [&hellip;]<\/p>\n","protected":false},"author":1,"featured_media":0,"parent":0,"menu_order":0,"comment_status":"closed","ping_status":"closed","template":"","meta":{"_acf_changed":false,"footnotes":""},"class_list":["post-3528","page","type-page","status-publish","hentry"],"acf":[],"yoast_head":"<!-- This site is optimized with the Yoast SEO plugin v27.5 - https:\/\/yoast.com\/product\/yoast-seo-wordpress\/ -->\n<title>SEO - REWORQ<\/title>\n<meta name=\"robots\" content=\"index, follow, max-snippet:-1, max-image-preview:large, max-video-preview:-1\" \/>\n<link rel=\"canonical\" href=\"https:\/\/reworq.eu\/en\/seo\/\" \/>\n<meta property=\"og:locale\" content=\"en_US\" \/>\n<meta property=\"og:type\" content=\"article\" \/>\n<meta property=\"og:title\" content=\"SEO - REWORQ\" \/>\n<meta property=\"og:description\" content=\"Online advertising and advertising space leasing What is online advertising? Online advertising, or digital advertising, is a form of advertising that takes place online. It is the use of online platforms such as websites, social networks, apps and other tools to promote products, services or brands. Online advertising includes various forms such as online adverts, [&hellip;]\" \/>\n<meta property=\"og:url\" content=\"https:\/\/reworq.eu\/en\/seo\/\" \/>\n<meta property=\"og:site_name\" content=\"REWORQ\" \/>\n<meta property=\"article:modified_time\" content=\"2023-12-10T09:16:47+00:00\" \/>\n<meta property=\"og:image\" content=\"https:\/\/reworq.eu\/wp-content\/uploads\/2023\/01\/5107070-400x400.webp\" \/>\n<meta name=\"twitter:card\" content=\"summary_large_image\" \/>\n<meta name=\"twitter:label1\" content=\"Est. reading time\" \/>\n\t<meta name=\"twitter:data1\" content=\"2 minutes\" \/>\n<script type=\"application\/ld+json\" class=\"yoast-schema-graph\">{\"@context\":\"https:\\\/\\\/schema.org\",\"@graph\":[{\"@type\":\"WebPage\",\"@id\":\"https:\\\/\\\/reworq.eu\\\/en\\\/seo\\\/\",\"url\":\"https:\\\/\\\/reworq.eu\\\/en\\\/seo\\\/\",\"name\":\"SEO - REWORQ\",\"isPartOf\":{\"@id\":\"https:\\\/\\\/reworq.eu\\\/#website\"},\"primaryImageOfPage\":{\"@id\":\"https:\\\/\\\/reworq.eu\\\/en\\\/seo\\\/#primaryimage\"},\"image\":{\"@id\":\"https:\\\/\\\/reworq.eu\\\/en\\\/seo\\\/#primaryimage\"},\"thumbnailUrl\":\"https:\\\/\\\/reworq.eu\\\/wp-content\\\/uploads\\\/2023\\\/01\\\/5107070-400x400.webp\",\"datePublished\":\"2023-11-30T06:45:59+00:00\",\"dateModified\":\"2023-12-10T09:16:47+00:00\",\"breadcrumb\":{\"@id\":\"https:\\\/\\\/reworq.eu\\\/en\\\/seo\\\/#breadcrumb\"},\"inLanguage\":\"en-US\",\"potentialAction\":[{\"@type\":\"ReadAction\",\"target\":[\"https:\\\/\\\/reworq.eu\\\/en\\\/seo\\\/\"]}]},{\"@type\":\"ImageObject\",\"inLanguage\":\"en-US\",\"@id\":\"https:\\\/\\\/reworq.eu\\\/en\\\/seo\\\/#primaryimage\",\"url\":\"https:\\\/\\\/reworq.eu\\\/wp-content\\\/uploads\\\/2023\\\/01\\\/5107070-400x400.webp\",\"contentUrl\":\"https:\\\/\\\/reworq.eu\\\/wp-content\\\/uploads\\\/2023\\\/01\\\/5107070-400x400.webp\"},{\"@type\":\"BreadcrumbList\",\"@id\":\"https:\\\/\\\/reworq.eu\\\/en\\\/seo\\\/#breadcrumb\",\"itemListElement\":[{\"@type\":\"ListItem\",\"position\":1,\"name\":\"Home\",\"item\":\"https:\\\/\\\/reworq.eu\\\/\"},{\"@type\":\"ListItem\",\"position\":2,\"name\":\"SEO\"}]},{\"@type\":\"WebSite\",\"@id\":\"https:\\\/\\\/reworq.eu\\\/#website\",\"url\":\"https:\\\/\\\/reworq.eu\\\/\",\"name\":\"REWORQ\",\"description\":\"Agencija za digitalne re\u0161itve\",\"publisher\":{\"@id\":\"https:\\\/\\\/reworq.eu\\\/#organization\"},\"potentialAction\":[{\"@type\":\"SearchAction\",\"target\":{\"@type\":\"EntryPoint\",\"urlTemplate\":\"https:\\\/\\\/reworq.eu\\\/?s={search_term_string}\"},\"query-input\":{\"@type\":\"PropertyValueSpecification\",\"valueRequired\":true,\"valueName\":\"search_term_string\"}}],\"inLanguage\":\"en-US\"},{\"@type\":\"Organization\",\"@id\":\"https:\\\/\\\/reworq.eu\\\/#organization\",\"name\":\"REWORQ\",\"url\":\"https:\\\/\\\/reworq.eu\\\/\",\"logo\":{\"@type\":\"ImageObject\",\"inLanguage\":\"en-US\",\"@id\":\"https:\\\/\\\/reworq.eu\\\/#\\\/schema\\\/logo\\\/image\\\/\",\"url\":\"https:\\\/\\\/reworq.eu\\\/wp-content\\\/uploads\\\/2023\\\/11\\\/rebrand-reworq-digital-logo-1.svg\",\"contentUrl\":\"https:\\\/\\\/reworq.eu\\\/wp-content\\\/uploads\\\/2023\\\/11\\\/rebrand-reworq-digital-logo-1.svg\",\"caption\":\"REWORQ\"},\"image\":{\"@id\":\"https:\\\/\\\/reworq.eu\\\/#\\\/schema\\\/logo\\\/image\\\/\"}}]}<\/script>\n<!-- \/ Yoast SEO plugin. -->","yoast_head_json":{"title":"SEO - REWORQ","robots":{"index":"index","follow":"follow","max-snippet":"max-snippet:-1","max-image-preview":"max-image-preview:large","max-video-preview":"max-video-preview:-1"},"canonical":"https:\/\/reworq.eu\/en\/seo\/","og_locale":"en_US","og_type":"article","og_title":"SEO - REWORQ","og_description":"Online advertising and advertising space leasing What is online advertising? Online advertising, or digital advertising, is a form of advertising that takes place online. It is the use of online platforms such as websites, social networks, apps and other tools to promote products, services or brands. Online advertising includes various forms such as online adverts, [&hellip;]","og_url":"https:\/\/reworq.eu\/en\/seo\/","og_site_name":"REWORQ","article_modified_time":"2023-12-10T09:16:47+00:00","og_image":[{"url":"https:\/\/reworq.eu\/wp-content\/uploads\/2023\/01\/5107070-400x400.webp","type":"","width":"","height":""}],"twitter_card":"summary_large_image","twitter_misc":{"Est. reading time":"2 minutes"},"schema":{"@context":"https:\/\/schema.org","@graph":[{"@type":"WebPage","@id":"https:\/\/reworq.eu\/en\/seo\/","url":"https:\/\/reworq.eu\/en\/seo\/","name":"SEO - REWORQ","isPartOf":{"@id":"https:\/\/reworq.eu\/#website"},"primaryImageOfPage":{"@id":"https:\/\/reworq.eu\/en\/seo\/#primaryimage"},"image":{"@id":"https:\/\/reworq.eu\/en\/seo\/#primaryimage"},"thumbnailUrl":"https:\/\/reworq.eu\/wp-content\/uploads\/2023\/01\/5107070-400x400.webp","datePublished":"2023-11-30T06:45:59+00:00","dateModified":"2023-12-10T09:16:47+00:00","breadcrumb":{"@id":"https:\/\/reworq.eu\/en\/seo\/#breadcrumb"},"inLanguage":"en-US","potentialAction":[{"@type":"ReadAction","target":["https:\/\/reworq.eu\/en\/seo\/"]}]},{"@type":"ImageObject","inLanguage":"en-US","@id":"https:\/\/reworq.eu\/en\/seo\/#primaryimage","url":"https:\/\/reworq.eu\/wp-content\/uploads\/2023\/01\/5107070-400x400.webp","contentUrl":"https:\/\/reworq.eu\/wp-content\/uploads\/2023\/01\/5107070-400x400.webp"},{"@type":"BreadcrumbList","@id":"https:\/\/reworq.eu\/en\/seo\/#breadcrumb","itemListElement":[{"@type":"ListItem","position":1,"name":"Home","item":"https:\/\/reworq.eu\/"},{"@type":"ListItem","position":2,"name":"SEO"}]},{"@type":"WebSite","@id":"https:\/\/reworq.eu\/#website","url":"https:\/\/reworq.eu\/","name":"REWORQ","description":"Agencija za digitalne re\u0161itve","publisher":{"@id":"https:\/\/reworq.eu\/#organization"},"potentialAction":[{"@type":"SearchAction","target":{"@type":"EntryPoint","urlTemplate":"https:\/\/reworq.eu\/?s={search_term_string}"},"query-input":{"@type":"PropertyValueSpecification","valueRequired":true,"valueName":"search_term_string"}}],"inLanguage":"en-US"},{"@type":"Organization","@id":"https:\/\/reworq.eu\/#organization","name":"REWORQ","url":"https:\/\/reworq.eu\/","logo":{"@type":"ImageObject","inLanguage":"en-US","@id":"https:\/\/reworq.eu\/#\/schema\/logo\/image\/","url":"https:\/\/reworq.eu\/wp-content\/uploads\/2023\/11\/rebrand-reworq-digital-logo-1.svg","contentUrl":"https:\/\/reworq.eu\/wp-content\/uploads\/2023\/11\/rebrand-reworq-digital-logo-1.svg","caption":"REWORQ"},"image":{"@id":"https:\/\/reworq.eu\/#\/schema\/logo\/image\/"}}]}},"_links":{"self":[{"href":"https:\/\/reworq.eu\/en\/wp-json\/wp\/v2\/pages\/3528","targetHints":{"allow":["GET"]}}],"collection":[{"href":"https:\/\/reworq.eu\/en\/wp-json\/wp\/v2\/pages"}],"about":[{"href":"https:\/\/reworq.eu\/en\/wp-json\/wp\/v2\/types\/page"}],"author":[{"embeddable":true,"href":"https:\/\/reworq.eu\/en\/wp-json\/wp\/v2\/users\/1"}],"replies":[{"embeddable":true,"href":"https:\/\/reworq.eu\/en\/wp-json\/wp\/v2\/comments?post=3528"}],"version-history":[{"count":7,"href":"https:\/\/reworq.eu\/en\/wp-json\/wp\/v2\/pages\/3528\/revisions"}],"predecessor-version":[{"id":3650,"href":"https:\/\/reworq.eu\/en\/wp-json\/wp\/v2\/pages\/3528\/revisions\/3650"}],"wp:attachment":[{"href":"https:\/\/reworq.eu\/en\/wp-json\/wp\/v2\/media?parent=3528"}],"curies":[{"name":"wp","href":"https:\/\/api.w.org\/{rel}","templated":true}]}}